{"id":761,"date":"2018-02-19T18:06:36","date_gmt":"2018-02-19T17:06:36","guid":{"rendered":"http:\/\/www.wolleitner-schnuerer.at\/inside\/?page_id=761"},"modified":"2020-06-01T14:45:19","modified_gmt":"2020-06-01T12:45:19","slug":"galerie-inge","status":"publish","type":"page","link":"https:\/\/www.wolleitner-schnuerer.at\/inside\/galerie-inge\/","title":{"rendered":"Bildergalerie Produkte"},"content":{"rendered":" \n<!-- Start container 1 --><div id=\"wppa-modal-container-1\" class=\"wppa-modal-container\" style=\"position:relative;z-index:100000;\" data-wppa=\"yes\"><\/div><div id=\"wppa-container-wrapper-1\" class=\"alignnone wppa-container-wrapper\" style=\"width:100%;clear:both;padding:0;position:relative;\"><div id=\"wppa-container-1\" style=\"width:100%;\" class=\"wppa-container wppa-container-1 wppa-rev-8501007 wppa-prevrev-8010006 wppa-theme-8.5.01.007 wppa-api-8.5.01.007\"><svg id=\"wppa-ajax-spin-1\" class=\"wppa-ajax-spin uil-default\" width=\"120px\" height=\"120px\" viewBox=\"0 0 100 100\" preserveAspectRatio=\"xMidYMid\" stroke=\"\" style=\"width:120px; height:120px; position:fixed; top:50%; margin-top:-60px; left:50%; margin-left:-60px; opacity:1; display:none; fill:#666666; background-color:transparent; border-radius:24px;\"><rect x=\"0\" y=\"0\" width=\"100\" height=\"100\" fill=\"none\" class=\"bk\"><\/rect><rect class=\"wppa-ajaxspin\" x=\"47\" y=\"40\" width=\"6\" height=\"20\" rx=\"3\" ry=\"3\" transform=\"rotate(0 50 50) translate(0 -32)\"><animate attributeName=\"opacity\" from=\"1\" to=\"0\" dur=\"1.5s\" begin=\"0s\" repeatCount=\"indefinite\" ><\/rect><rect class=\"wppa-ajaxspin\" x=\"47\" y=\"40\" width=\"6\" height=\"20\" rx=\"3\" ry=\"3\" transform=\"rotate(22.5 50 50) translate(0 -32)\"><animate attributeName=\"opacity\" from=\"1\" to=\"0\" dur=\"1.5s\" begin=\"0.09375s\" repeatCount=\"indefinite\" ><\/rect><rect class=\"wppa-ajaxspin\" x=\"47\" y=\"40\" width=\"6\" height=\"20\" rx=\"3\" ry=\"3\" transform=\"rotate(45 50 50) translate(0 -32)\"><animate attributeName=\"opacity\" from=\"1\" to=\"0\" dur=\"1.5s\" begin=\"0.1875s\" repeatCount=\"indefinite\" ><\/rect><rect class=\"wppa-ajaxspin\" x=\"47\" y=\"40\" width=\"6\" height=\"20\" rx=\"3\" ry=\"3\" transform=\"rotate(67.5 50 50) translate(0 -32)\"><animate attributeName=\"opacity\" from=\"1\" to=\"0\" dur=\"1.5s\" begin=\"0.28125s\" repeatCount=\"indefinite\" ><\/rect><rect class=\"wppa-ajaxspin\" x=\"47\" y=\"40\" width=\"6\" height=\"20\" rx=\"3\" ry=\"3\" transform=\"rotate(90 50 50) translate(0 -32)\"><animate attributeName=\"opacity\" from=\"1\" to=\"0\" dur=\"1.5s\" begin=\"0.375s\" repeatCount=\"indefinite\" ><\/rect><rect class=\"wppa-ajaxspin\" x=\"47\" y=\"40\" width=\"6\" height=\"20\" rx=\"3\" ry=\"3\" transform=\"rotate(112.5 50 50) translate(0 -32)\"><animate attributeName=\"opacity\" from=\"1\" to=\"0\" dur=\"1.5s\" begin=\"0.46875s\" repeatCount=\"indefinite\" ><\/rect><rect class=\"wppa-ajaxspin\" x=\"47\" y=\"40\" width=\"6\" height=\"20\" rx=\"3\" ry=\"3\" transform=\"rotate(135 50 50) translate(0 -32)\"><animate attributeName=\"opacity\" from=\"1\" to=\"0\" dur=\"1.5s\" begin=\"0.5625s\" repeatCount=\"indefinite\" ><\/rect><rect class=\"wppa-ajaxspin\" x=\"47\" y=\"40\" width=\"6\" height=\"20\" rx=\"3\" ry=\"3\" transform=\"rotate(157.5 50 50) translate(0 -32)\"><animate attributeName=\"opacity\" from=\"1\" to=\"0\" dur=\"1.5s\" begin=\"0.65625s\" repeatCount=\"indefinite\" ><\/rect><rect class=\"wppa-ajaxspin\" x=\"47\" y=\"40\" width=\"6\" height=\"20\" rx=\"3\" ry=\"3\" transform=\"rotate(180 50 50) translate(0 -32)\"><animate attributeName=\"opacity\" from=\"1\" to=\"0\" dur=\"1.5s\" begin=\"0.75s\" repeatCount=\"indefinite\" ><\/rect><rect class=\"wppa-ajaxspin\" x=\"47\" y=\"40\" width=\"6\" height=\"20\" rx=\"3\" ry=\"3\" transform=\"rotate(202.5 50 50) translate(0 -32)\"><animate attributeName=\"opacity\" from=\"1\" to=\"0\" dur=\"1.5s\" begin=\"0.84375s\" repeatCount=\"indefinite\" ><\/rect><rect class=\"wppa-ajaxspin\" x=\"47\" y=\"40\" width=\"6\" height=\"20\" rx=\"3\" ry=\"3\" transform=\"rotate(225 50 50) translate(0 -32)\"><animate attributeName=\"opacity\" from=\"1\" to=\"0\" dur=\"1.5s\" begin=\"0.9375s\" repeatCount=\"indefinite\" ><\/rect><rect class=\"wppa-ajaxspin\" x=\"47\" y=\"40\" width=\"6\" height=\"20\" rx=\"3\" ry=\"3\" transform=\"rotate(247.5 50 50) translate(0 -32)\"><animate attributeName=\"opacity\" from=\"1\" to=\"0\" dur=\"1.5s\" begin=\"1.03125s\" repeatCount=\"indefinite\" ><\/rect><rect class=\"wppa-ajaxspin\" x=\"47\" y=\"40\" width=\"6\" height=\"20\" rx=\"3\" ry=\"3\" transform=\"rotate(270 50 50) translate(0 -32)\"><animate attributeName=\"opacity\" from=\"1\" to=\"0\" dur=\"1.5s\" begin=\"1.125s\" repeatCount=\"indefinite\" ><\/rect><rect class=\"wppa-ajaxspin\" x=\"47\" y=\"40\" width=\"6\" height=\"20\" rx=\"3\" ry=\"3\" transform=\"rotate(292.5 50 50) translate(0 -32)\"><animate attributeName=\"opacity\" from=\"1\" to=\"0\" dur=\"1.5s\" begin=\"1.21875s\" repeatCount=\"indefinite\" ><\/rect><rect class=\"wppa-ajaxspin\" x=\"47\" y=\"40\" width=\"6\" height=\"20\" rx=\"3\" ry=\"3\" transform=\"rotate(315 50 50) translate(0 -32)\"><animate attributeName=\"opacity\" from=\"1\" to=\"0\" dur=\"1.5s\" begin=\"1.3125s\" repeatCount=\"indefinite\" ><\/rect><rect class=\"wppa-ajaxspin\" x=\"47\" y=\"40\" width=\"6\" height=\"20\" rx=\"3\" ry=\"3\" transform=\"rotate(337.5 50 50) translate(0 -32)\"><animate attributeName=\"opacity\" from=\"1\" to=\"0\" dur=\"1.5s\" begin=\"1.40625s\" repeatCount=\"indefinite\" ><\/rect><\/svg><input type=\"hidden\" id=\"wppa-nonce-0-1\" name=\"wppa-nonce\" value=\"20b8ce2c70\" ><div id=\"wppa-bc-1\" class=\"wppa-nav wppa-box wppa-nav-text wppa-bc\" ><span id=\"bc-pname-1\" class=\"wppa-nav-text b3\" style=\"cursor:pointer;\" title=\"Seite: Bildergalerie Produkte\">Bildergalerie Produkte<\/span><div style=\"clear:both\"><\/div><\/div><div id=\"wppa-albumlist-1\" style=\"overflow:auto;\" class=\"albumlist\" onscroll=\"wppaMakeLazyVisibleScrollEnd();\"><div id=\"album-1-1\" class=\"wppa-album-cover-standard album wppa-box wppa-cover-box wppa-cover-box-1\" style=\"width:100%;clear:both;\"><div id=\"coverphoto_frame_1_1\" class=\"coverphoto-frame\" style=\"float:left; margin-right:5px;width:210px;\"><div style=\"display:inline-block;margin:0 4px;\"><a style=\"border:0;color:transparent;\" target=\"_self\" title=\"Zeige das Album Silberkn\u00f6pfe\" onclick=\"wppaDoAjaxRender( 1, 'https:\/\/www.wolleitner-schnuerer.at\/inside\/wppaajax?action=wppa&wppa-action=render&wppa-size=640&wppa-occur=1&wppa-fromp=761&lang=de&wppa-album=1&wppa-cover=0&wppa-occur=1', 'https:\/\/www.wolleitner-schnuerer.at\/inside\/galerie-inge\/wppaspec\/oc1\/lnde\/cv0\/ab1' )\"><img decoding=\"async\" src=\"https:\/\/www.wolleitner-schnuerer.at\/inside\/wp-content\/uploads\/wppa\/thumbs\/2.jpg?ver=9\" alt=\"Kn\u00f6pfe mit Punzenmuster\" class=\"image wppa-img\" style=\"border-width:0px;width:200px;height:168px;opacity:0.85;display:inline;\" onmouseover=\"jQuery( this ).fadeTo( 400, 1.0 )\" onmouseout=\"jQuery( this ).fadeTo( 400, 0.85 )\" ><\/a><\/div><\/div><div id=\"covertext_frame_1_1\" class=\"wppa-text-frame-1 wppa-text-frame wppa-cover-text-frame wppa-asym-text-frame-1\" style=\"width:409px; float:right;\"><h2 class=\"wppa-title\" style=\"clear:none;\"><a onclick=\"wppaDoAjaxRender( 1, 'https:\/\/www.wolleitner-schnuerer.at\/inside\/wppaajax?action=wppa&wppa-action=render&wppa-size=640&wppa-occur=1&wppa-fromp=761&lang=de&wppa-album=1&wppa-cover=0&wppa-occur=1', 'https:\/\/www.wolleitner-schnuerer.at\/inside\/galerie-inge\/wppaspec\/oc1\/lnde\/cv0\/ab1' )\" title=\"Zeige das Album Silberkn\u00f6pfe\" class=\"wppa-title\" style=\"cursor:pointer\">Silberkn\u00f6pfe<\/a><\/h2><div class=\"wppa-box-text wppa-black wppa-box-text-desc\" style=\"min-height:54px;\"><p>Handearbeitete Trachtenkn\u00f6pfe in verschiedenen St\u00e4rken und Ausf\u00fchrungen. Auf Bestellung ist jede St\u00fcckzahl m\u00f6glich!<\/p><\/div><\/div><div style=\"clear:both\"><\/div><div class=\"wppa-box-text wppa-black wppa-info wppa-viewlink wppa-album-cover-link\"><a class=\"wppa-album-cover-link\" onclick=\"wppaDoAjaxRender( 1, 'https:\/\/www.wolleitner-schnuerer.at\/inside\/wppaajax?action=wppa&wppa-action=render&wppa-size=640&wppa-occur=1&wppa-fromp=761&lang=de&wppa-album=1&wppa-cover=0&wppa-occur=1', 'https:\/\/www.wolleitner-schnuerer.at\/inside\/galerie-inge\/wppaspec\/oc1\/lnde\/cv0\/ab1' )\" title=\"Zeige das Album Silberkn\u00f6pfe\" style=\"cursor:pointer\">6&nbsp;Fotos&nbsp;anzeigen<\/a><\/div><div style=\"clear:both;\"><\/div><\/div><div id=\"album-2-1\" class=\"wppa-album-cover-standard album wppa-box wppa-cover-box wppa-cover-box-1\" style=\"width:100%;float:right;\"><div id=\"coverphoto_frame_2_1\" class=\"coverphoto-frame\" style=\"float:left; margin-right:5px;width:210px;\"><div style=\"display:inline-block;margin:0 4px;\"><a style=\"border:0;color:transparent;\" target=\"_self\" title=\"Zeige das Album Trachtenschmuck\" onclick=\"wppaDoAjaxRender( 1, 'https:\/\/www.wolleitner-schnuerer.at\/inside\/wppaajax?action=wppa&wppa-action=render&wppa-size=640&wppa-occur=1&wppa-fromp=761&lang=de&wppa-album=2&wppa-cover=0&wppa-occur=1', 'https:\/\/www.wolleitner-schnuerer.at\/inside\/galerie-inge\/wppaspec\/oc1\/lnde\/cv0\/ab2' )\"><img decoding=\"async\" src=\"https:\/\/www.wolleitner-schnuerer.at\/inside\/wp-content\/uploads\/wppa\/thumbs\/8.jpg?ver=9\" alt=\"Anh\u00e4nger mit Koralle\" class=\"image wppa-img\" style=\"border-width:0px;width:200px;height:150px;opacity:0.85;display:inline;\" onmouseover=\"jQuery( this ).fadeTo( 400, 1.0 )\" onmouseout=\"jQuery( this ).fadeTo( 400, 0.85 )\" ><\/a><\/div><\/div><div id=\"covertext_frame_2_1\" class=\"wppa-text-frame-1 wppa-text-frame wppa-cover-text-frame wppa-asym-text-frame-1\" style=\"width:409px; float:right;\"><h2 class=\"wppa-title\" style=\"clear:none;\"><a onclick=\"wppaDoAjaxRender( 1, 'https:\/\/www.wolleitner-schnuerer.at\/inside\/wppaajax?action=wppa&wppa-action=render&wppa-size=640&wppa-occur=1&wppa-fromp=761&lang=de&wppa-album=2&wppa-cover=0&wppa-occur=1', 'https:\/\/www.wolleitner-schnuerer.at\/inside\/galerie-inge\/wppaspec\/oc1\/lnde\/cv0\/ab2' )\" title=\"Zeige das Album Trachtenschmuck\" class=\"wppa-title\" style=\"cursor:pointer\">Trachtenschmuck<\/a><\/h2><div class=\"wppa-box-text wppa-black wppa-box-text-desc\" style=\"min-height:54px;\"><p>traditioneller Silberschmuck in Punztechnik<\/p><\/div><\/div><div style=\"clear:both\"><\/div><div class=\"wppa-box-text wppa-black wppa-info wppa-viewlink wppa-album-cover-link\"><a class=\"wppa-album-cover-link\" onclick=\"wppaDoAjaxRender( 1, 'https:\/\/www.wolleitner-schnuerer.at\/inside\/wppaajax?action=wppa&wppa-action=render&wppa-size=640&wppa-occur=1&wppa-fromp=761&lang=de&wppa-album=2&wppa-cover=0&wppa-occur=1', 'https:\/\/www.wolleitner-schnuerer.at\/inside\/galerie-inge\/wppaspec\/oc1\/lnde\/cv0\/ab2' )\" title=\"Zeige das Album Trachtenschmuck\" style=\"cursor:pointer\">6&nbsp;Fotos&nbsp;anzeigen<\/a><\/div><div style=\"clear:both;\"><\/div><\/div><div id=\"album-3-1\" class=\"wppa-album-cover-standard album wppa-box wppa-cover-box wppa-cover-box-1\" style=\"width:100%;float:right;\"><div id=\"coverphoto_frame_3_1\" class=\"coverphoto-frame\" style=\"float:left; margin-right:5px;width:210px;\"><div style=\"display:inline-block;margin:0 4px;\"><a style=\"border:0;color:transparent;\" target=\"_self\" title=\"Zeige das Album Silberschmuck - Unikate\" onclick=\"wppaDoAjaxRender( 1, 'https:\/\/www.wolleitner-schnuerer.at\/inside\/wppaajax?action=wppa&wppa-action=render&wppa-size=640&wppa-occur=1&wppa-fromp=761&lang=de&wppa-album=3&wppa-cover=0&wppa-occur=1', 'https:\/\/www.wolleitner-schnuerer.at\/inside\/galerie-inge\/wppaspec\/oc1\/lnde\/cv0\/ab3' )\"><img decoding=\"async\" src=\"https:\/\/www.wolleitner-schnuerer.at\/inside\/wp-content\/uploads\/wppa\/thumbs\/16.jpg?ver=9\" alt=\"Anh\u00e4nger - Onyx\" class=\"image wppa-img\" style=\"border-width:0px;width:200px;height:161px;opacity:0.85;display:inline;\" onmouseover=\"jQuery( this ).fadeTo( 400, 1.0 )\" onmouseout=\"jQuery( this ).fadeTo( 400, 0.85 )\" ><\/a><\/div><\/div><div id=\"covertext_frame_3_1\" class=\"wppa-text-frame-1 wppa-text-frame wppa-cover-text-frame wppa-asym-text-frame-1\" style=\"width:409px; float:right;\"><h2 class=\"wppa-title\" style=\"clear:none;\"><a onclick=\"wppaDoAjaxRender( 1, 'https:\/\/www.wolleitner-schnuerer.at\/inside\/wppaajax?action=wppa&wppa-action=render&wppa-size=640&wppa-occur=1&wppa-fromp=761&lang=de&wppa-album=3&wppa-cover=0&wppa-occur=1', 'https:\/\/www.wolleitner-schnuerer.at\/inside\/galerie-inge\/wppaspec\/oc1\/lnde\/cv0\/ab3' )\" title=\"Zeige das Album Silberschmuck - Unikate\" class=\"wppa-title\" style=\"cursor:pointer\">Silberschmuck - Unikate<\/a><\/h2><div class=\"wppa-box-text wppa-black wppa-box-text-desc\" style=\"min-height:54px;\"><p>Anh\u00e4nger, Ringe, Ketten und noch mehr<\/p><\/div><\/div><div style=\"clear:both\"><\/div><div class=\"wppa-box-text wppa-black wppa-info wppa-viewlink wppa-album-cover-link\"><a class=\"wppa-album-cover-link\" onclick=\"wppaDoAjaxRender( 1, 'https:\/\/www.wolleitner-schnuerer.at\/inside\/wppaajax?action=wppa&wppa-action=render&wppa-size=640&wppa-occur=1&wppa-fromp=761&lang=de&wppa-album=3&wppa-cover=0&wppa-occur=1', 'https:\/\/www.wolleitner-schnuerer.at\/inside\/galerie-inge\/wppaspec\/oc1\/lnde\/cv0\/ab3' )\" title=\"Zeige das Album Silberschmuck - Unikate\" style=\"cursor:pointer\">12&nbsp;Fotos&nbsp;anzeigen<\/a><\/div><div style=\"clear:both;\"><\/div><\/div><div id=\"album-4-1\" class=\"wppa-album-cover-standard album wppa-box wppa-cover-box wppa-cover-box-1\" style=\"width:100%;float:right;\"><div id=\"coverphoto_frame_4_1\" class=\"coverphoto-frame\" style=\"float:left; margin-right:5px;width:210px;\"><div style=\"display:inline-block;margin:0 4px;\"><a style=\"border:0;color:transparent;\" target=\"_self\" title=\"Zeige das Album Messingschmuck - Unikate\" onclick=\"wppaDoAjaxRender( 1, 'https:\/\/www.wolleitner-schnuerer.at\/inside\/wppaajax?action=wppa&wppa-action=render&wppa-size=640&wppa-occur=1&wppa-fromp=761&lang=de&wppa-album=4&wppa-cover=0&wppa-occur=1', 'https:\/\/www.wolleitner-schnuerer.at\/inside\/galerie-inge\/wppaspec\/oc1\/lnde\/cv0\/ab4' )\"><img decoding=\"async\" src=\"https:\/\/www.wolleitner-schnuerer.at\/inside\/wp-content\/uploads\/wppa\/thumbs\/25.jpg?ver=9\" alt=\"Ohrschmuck\" class=\"image wppa-img\" style=\"border-width:0px;width:200px;height:157px;opacity:0.85;display:inline;\" onmouseover=\"jQuery( this ).fadeTo( 400, 1.0 )\" onmouseout=\"jQuery( this ).fadeTo( 400, 0.85 )\" ><\/a><\/div><\/div><div id=\"covertext_frame_4_1\" class=\"wppa-text-frame-1 wppa-text-frame wppa-cover-text-frame wppa-asym-text-frame-1\" style=\"width:409px; float:right;\"><h2 class=\"wppa-title\" style=\"clear:none;\"><a onclick=\"wppaDoAjaxRender( 1, 'https:\/\/www.wolleitner-schnuerer.at\/inside\/wppaajax?action=wppa&wppa-action=render&wppa-size=640&wppa-occur=1&wppa-fromp=761&lang=de&wppa-album=4&wppa-cover=0&wppa-occur=1', 'https:\/\/www.wolleitner-schnuerer.at\/inside\/galerie-inge\/wppaspec\/oc1\/lnde\/cv0\/ab4' )\" title=\"Zeige das Album Messingschmuck - Unikate\" class=\"wppa-title\" style=\"cursor:pointer\">Messingschmuck - Unikate<\/a><\/h2><div class=\"wppa-box-text wppa-black wppa-box-text-desc\" style=\"min-height:54px;\"><p>Div. Ohrschmuck<\/p><\/div><\/div><div style=\"clear:both\"><\/div><div class=\"wppa-box-text wppa-black wppa-info wppa-viewlink wppa-album-cover-link\"><a class=\"wppa-album-cover-link\" onclick=\"wppaDoAjaxRender( 1, 'https:\/\/www.wolleitner-schnuerer.at\/inside\/wppaajax?action=wppa&wppa-action=render&wppa-size=640&wppa-occur=1&wppa-fromp=761&lang=de&wppa-album=4&wppa-cover=0&wppa-occur=1', 'https:\/\/www.wolleitner-schnuerer.at\/inside\/galerie-inge\/wppaspec\/oc1\/lnde\/cv0\/ab4' )\" title=\"Zeige das Album Messingschmuck - Unikate\" style=\"cursor:pointer\">2&nbsp;Fotos&nbsp;anzeigen<\/a><\/div><div style=\"clear:both;\"><\/div><\/div><div id=\"album-5-1\" class=\"wppa-album-cover-standard album wppa-box wppa-cover-box wppa-cover-box-1\" style=\"width:100%;float:right;\"><div id=\"coverphoto_frame_5_1\" class=\"coverphoto-frame\" style=\"float:left; margin-right:5px;width:210px;\"><div style=\"display:inline-block;margin:0 4px;\"><a style=\"border:0;color:transparent;\" target=\"_self\" title=\"Zeige das Album Herrenschmuck\" onclick=\"wppaDoAjaxRender( 1, 'https:\/\/www.wolleitner-schnuerer.at\/inside\/wppaajax?action=wppa&wppa-action=render&wppa-size=640&wppa-occur=1&wppa-fromp=761&lang=de&wppa-album=5&wppa-cover=0&wppa-occur=1', 'https:\/\/www.wolleitner-schnuerer.at\/inside\/galerie-inge\/wppaspec\/oc1\/lnde\/cv0\/ab5' )\"><img decoding=\"async\" src=\"https:\/\/www.wolleitner-schnuerer.at\/inside\/wp-content\/uploads\/wppa\/thumbs\/28.jpg?ver=9\" alt=\"Manschettenkn\u00f6pfe - Ebenholz\" class=\"image wppa-img\" style=\"border-width:0px;width:200px;height:117px;opacity:0.85;display:inline;\" onmouseover=\"jQuery( this ).fadeTo( 400, 1.0 )\" onmouseout=\"jQuery( this ).fadeTo( 400, 0.85 )\" ><\/a><\/div><\/div><div id=\"covertext_frame_5_1\" class=\"wppa-text-frame-1 wppa-text-frame wppa-cover-text-frame wppa-asym-text-frame-1\" style=\"width:409px; float:right;\"><h2 class=\"wppa-title\" style=\"clear:none;\"><a onclick=\"wppaDoAjaxRender( 1, 'https:\/\/www.wolleitner-schnuerer.at\/inside\/wppaajax?action=wppa&wppa-action=render&wppa-size=640&wppa-occur=1&wppa-fromp=761&lang=de&wppa-album=5&wppa-cover=0&wppa-occur=1', 'https:\/\/www.wolleitner-schnuerer.at\/inside\/galerie-inge\/wppaspec\/oc1\/lnde\/cv0\/ab5' )\" title=\"Zeige das Album Herrenschmuck\" class=\"wppa-title\" style=\"cursor:pointer\">Herrenschmuck<\/a><\/h2><div class=\"wppa-box-text wppa-black wppa-box-text-desc\" style=\"min-height:54px;\"><p>Manschettenkn\u00f6pfe und Krawattenklammern<\/p><\/div><\/div><div style=\"clear:both\"><\/div><div class=\"wppa-box-text wppa-black wppa-info wppa-viewlink wppa-album-cover-link\"><a class=\"wppa-album-cover-link\" onclick=\"wppaDoAjaxRender( 1, 'https:\/\/www.wolleitner-schnuerer.at\/inside\/wppaajax?action=wppa&wppa-action=render&wppa-size=640&wppa-occur=1&wppa-fromp=761&lang=de&wppa-album=5&wppa-cover=0&wppa-occur=1', 'https:\/\/www.wolleitner-schnuerer.at\/inside\/galerie-inge\/wppaspec\/oc1\/lnde\/cv0\/ab5' )\" title=\"Zeige das Album Herrenschmuck\" style=\"cursor:pointer\">4&nbsp;Fotos&nbsp;anzeigen<\/a><\/div><div style=\"clear:both;\"><\/div><\/div><div id=\"album-6-1\" class=\"wppa-album-cover-standard album wppa-box wppa-cover-box wppa-cover-box-1\" style=\"width:100%;float:right;\"><div id=\"coverphoto_frame_6_1\" class=\"coverphoto-frame\" style=\"float:left; margin-right:5px;width:210px;\"><div style=\"display:inline-block;margin:0 4px;\"><a style=\"border:0;color:transparent;\" target=\"_self\" title=\"Zeige das Album Emailschmuck\" onclick=\"wppaDoAjaxRender( 1, 'https:\/\/www.wolleitner-schnuerer.at\/inside\/wppaajax?action=wppa&wppa-action=render&wppa-size=640&wppa-occur=1&wppa-fromp=761&lang=de&wppa-album=6&wppa-cover=0&wppa-occur=1', 'https:\/\/www.wolleitner-schnuerer.at\/inside\/galerie-inge\/wppaspec\/oc1\/lnde\/cv0\/ab6' )\"><img decoding=\"async\" src=\"https:\/\/www.wolleitner-schnuerer.at\/inside\/wp-content\/uploads\/wppa\/thumbs\/34.jpg?ver=9\" alt=\"Ohrschmuck - Email\" class=\"image wppa-img\" style=\"border-width:0px;width:200px;height:163px;opacity:0.85;display:inline;\" onmouseover=\"jQuery( this ).fadeTo( 400, 1.0 )\" onmouseout=\"jQuery( this ).fadeTo( 400, 0.85 )\" ><\/a><\/div><\/div><div id=\"covertext_frame_6_1\" class=\"wppa-text-frame-1 wppa-text-frame wppa-cover-text-frame wppa-asym-text-frame-1\" style=\"width:409px; float:right;\"><h2 class=\"wppa-title\" style=\"clear:none;\"><a onclick=\"wppaDoAjaxRender( 1, 'https:\/\/www.wolleitner-schnuerer.at\/inside\/wppaajax?action=wppa&wppa-action=render&wppa-size=640&wppa-occur=1&wppa-fromp=761&lang=de&wppa-album=6&wppa-cover=0&wppa-occur=1', 'https:\/\/www.wolleitner-schnuerer.at\/inside\/galerie-inge\/wppaspec\/oc1\/lnde\/cv0\/ab6' )\" title=\"Zeige das Album Emailschmuck\" class=\"wppa-title\" style=\"cursor:pointer\">Emailschmuck<\/a><\/h2><div class=\"wppa-box-text wppa-black wppa-box-text-desc\" style=\"min-height:54px;\"><p>Ohrclips und Ohrgeh\u00e4nge aus Email<\/p><\/div><\/div><div style=\"clear:both\"><\/div><div class=\"wppa-box-text wppa-black wppa-info wppa-viewlink wppa-album-cover-link\"><a class=\"wppa-album-cover-link\" onclick=\"wppaDoAjaxRender( 1, 'https:\/\/www.wolleitner-schnuerer.at\/inside\/wppaajax?action=wppa&wppa-action=render&wppa-size=640&wppa-occur=1&wppa-fromp=761&lang=de&wppa-album=6&wppa-cover=0&wppa-occur=1', 'https:\/\/www.wolleitner-schnuerer.at\/inside\/galerie-inge\/wppaspec\/oc1\/lnde\/cv0\/ab6' )\" title=\"Zeige das Album Emailschmuck\" style=\"cursor:pointer\">5&nbsp;Fotos&nbsp;anzeigen<\/a><\/div><div style=\"clear:both;\"><\/div><\/div><div id=\"album-7-1\" class=\"wppa-album-cover-standard album wppa-box wppa-cover-box wppa-cover-box-1\" style=\"width:100%;float:right;\"><div id=\"coverphoto_frame_7_1\" class=\"coverphoto-frame\" style=\"float:left; margin-right:5px;width:210px;\"><div style=\"display:inline-block;margin:0 4px;\"><a style=\"border:0;color:transparent;\" target=\"_self\" title=\"Zeige das Album Dekorative Objekte\" onclick=\"wppaDoAjaxRender( 1, 'https:\/\/www.wolleitner-schnuerer.at\/inside\/wppaajax?action=wppa&wppa-action=render&wppa-size=640&wppa-occur=1&wppa-fromp=761&lang=de&wppa-album=7&wppa-cover=0&wppa-occur=1', 'https:\/\/www.wolleitner-schnuerer.at\/inside\/galerie-inge\/wppaspec\/oc1\/lnde\/cv0\/ab7' )\"><img decoding=\"async\" src=\"https:\/\/www.wolleitner-schnuerer.at\/inside\/wp-content\/uploads\/wppa\/thumbs\/37.jpg?ver=9\" alt=\"Kerzenst\u00e4nder - Diverse\" class=\"image wppa-img\" style=\"border-width:0px;width:200px;height:176px;opacity:0.85;display:inline;\" onmouseover=\"jQuery( this ).fadeTo( 400, 1.0 )\" onmouseout=\"jQuery( this ).fadeTo( 400, 0.85 )\" ><\/a><\/div><\/div><div id=\"covertext_frame_7_1\" class=\"wppa-text-frame-1 wppa-text-frame wppa-cover-text-frame wppa-asym-text-frame-1\" style=\"width:409px; float:right;\"><h2 class=\"wppa-title\" style=\"clear:none;\"><a onclick=\"wppaDoAjaxRender( 1, 'https:\/\/www.wolleitner-schnuerer.at\/inside\/wppaajax?action=wppa&wppa-action=render&wppa-size=640&wppa-occur=1&wppa-fromp=761&lang=de&wppa-album=7&wppa-cover=0&wppa-occur=1', 'https:\/\/www.wolleitner-schnuerer.at\/inside\/galerie-inge\/wppaspec\/oc1\/lnde\/cv0\/ab7' )\" title=\"Zeige das Album Dekorative Objekte\" class=\"wppa-title\" style=\"cursor:pointer\">Dekorative Objekte<\/a><\/h2><div class=\"wppa-box-text wppa-black wppa-box-text-desc\" style=\"min-height:54px;\"><p>Arbeiten in Kupfer, Messing und Email<\/p><\/div><\/div><div style=\"clear:both\"><\/div><div class=\"wppa-box-text wppa-black wppa-info wppa-viewlink wppa-album-cover-link\"><a class=\"wppa-album-cover-link\" onclick=\"wppaDoAjaxRender( 1, 'https:\/\/www.wolleitner-schnuerer.at\/inside\/wppaajax?action=wppa&wppa-action=render&wppa-size=640&wppa-occur=1&wppa-fromp=761&lang=de&wppa-album=7&wppa-cover=0&wppa-occur=1', 'https:\/\/www.wolleitner-schnuerer.at\/inside\/galerie-inge\/wppaspec\/oc1\/lnde\/cv0\/ab7' )\" title=\"Zeige das Album Dekorative Objekte\" style=\"cursor:pointer\">4&nbsp;Fotos&nbsp;anzeigen<\/a><\/div><div style=\"clear:both;\"><\/div><\/div><div id=\"album-8-1\" class=\"wppa-album-cover-standard album wppa-box wppa-cover-box wppa-cover-box-1\" style=\"width:100%;float:right;\"><div id=\"coverphoto_frame_8_1\" class=\"coverphoto-frame\" style=\"float:left; margin-right:5px;width:210px;\"><div style=\"display:inline-block;margin:0 4px;\"><a style=\"border:0;color:transparent;\" target=\"_self\" title=\"Zeige das Album Inside - Raum f\u00fcr Kunst+Handwerk\" onclick=\"wppaDoAjaxRender( 1, 'https:\/\/www.wolleitner-schnuerer.at\/inside\/wppaajax?action=wppa&wppa-action=render&wppa-size=640&wppa-occur=1&wppa-fromp=761&lang=de&wppa-album=8&wppa-cover=0&wppa-occur=1', 'https:\/\/www.wolleitner-schnuerer.at\/inside\/galerie-inge\/wppaspec\/oc1\/lnde\/cv0\/ab8' )\"><img decoding=\"async\" src=\"https:\/\/www.wolleitner-schnuerer.at\/inside\/wp-content\/uploads\/wppa\/thumbs\/43.jpg?ver=9\" alt=\"Inside of &quot;Inside&quot;\" class=\"image wppa-img\" style=\"border-width:0px;width:200px;height:156px;opacity:0.85;display:inline;\" onmouseover=\"jQuery( this ).fadeTo( 400, 1.0 )\" onmouseout=\"jQuery( this ).fadeTo( 400, 0.85 )\" ><\/a><\/div><\/div><div id=\"covertext_frame_8_1\" class=\"wppa-text-frame-1 wppa-text-frame wppa-cover-text-frame wppa-asym-text-frame-1\" style=\"width:409px; float:right;\"><h2 class=\"wppa-title\" style=\"clear:none;\"><a onclick=\"wppaDoAjaxRender( 1, 'https:\/\/www.wolleitner-schnuerer.at\/inside\/wppaajax?action=wppa&wppa-action=render&wppa-size=640&wppa-occur=1&wppa-fromp=761&lang=de&wppa-album=8&wppa-cover=0&wppa-occur=1', 'https:\/\/www.wolleitner-schnuerer.at\/inside\/galerie-inge\/wppaspec\/oc1\/lnde\/cv0\/ab8' )\" title=\"Zeige das Album Inside - Raum f\u00fcr Kunst+Handwerk\" class=\"wppa-title\" style=\"cursor:pointer\">Inside - Raum f\u00fcr Kunst+Handwerk<\/a><\/h2><div class=\"wppa-box-text wppa-black wppa-box-text-desc\" style=\"min-height:54px;\"><p>Das Verkaufslokal f\u00fcr meine Arbeiten<br> 1070 Wien, Spittelberggasse 11<\/p><p>hat das Corona-Jahr nicht \u00fcberdauert.<br> Ende Dezember 2020 habe ich es endg\u00fcltig geschlossen.<\/p><p>Info: <a href=\"https:\/\/www.kunsthandwerk-wien.at\" target=\"_blank\">http:\/\/www.kunsthandwerk-wien.at<\/a><\/p><\/div><\/div><div style=\"clear:both\"><\/div><div class=\"wppa-box-text wppa-black wppa-info wppa-viewlink wppa-album-cover-link\"><a class=\"wppa-album-cover-link\" onclick=\"wppaDoAjaxRender( 1, 'https:\/\/www.wolleitner-schnuerer.at\/inside\/wppaajax?action=wppa&wppa-action=render&wppa-size=640&wppa-occur=1&wppa-fromp=761&lang=de&wppa-album=8&wppa-cover=0&wppa-occur=1', 'https:\/\/www.wolleitner-schnuerer.at\/inside\/galerie-inge\/wppaspec\/oc1\/lnde\/cv0\/ab8' )\" title=\"Zeige das Album Inside - Raum f\u00fcr Kunst+Handwerk\" style=\"cursor:pointer\">8&nbsp;Fotos&nbsp;anzeigen<\/a><\/div><div style=\"clear:both;\"><\/div><\/div><\/div><div style=\"clear:both;\"><\/div><div id=\"wppa-container-1-end\"><\/div><\/div><\/div>\n<!-- End \/inside\/wp-json\/wp\/v2\/pages\/761 oc 1 79 queries in 36.3 ms. at 10:02. Max mem: 28.00 Mb. -->\n","protected":false},"excerpt":{"rendered":"","protected":false},"author":1,"featured_media":0,"parent":0,"menu_order":0,"comment_status":"closed","ping_status":"closed","template":"page-templates\/galerie-inge.php","meta":{"footnotes":""},"_links":{"self":[{"href":"https:\/\/www.wolleitner-schnuerer.at\/inside\/wp-json\/wp\/v2\/pages\/761"}],"collection":[{"href":"https:\/\/www.wolleitner-schnuerer.at\/inside\/wp-json\/wp\/v2\/pages"}],"about":[{"href":"https:\/\/www.wolleitner-schnuerer.at\/inside\/wp-json\/wp\/v2\/types\/page"}],"author":[{"embeddable":true,"href":"https:\/\/www.wolleitner-schnuerer.at\/inside\/wp-json\/wp\/v2\/users\/1"}],"replies":[{"embeddable":true,"href":"https:\/\/www.wolleitner-schnuerer.at\/inside\/wp-json\/wp\/v2\/comments?post=761"}],"version-history":[{"count":1,"href":"https:\/\/www.wolleitner-schnuerer.at\/inside\/wp-json\/wp\/v2\/pages\/761\/revisions"}],"predecessor-version":[{"id":1358,"href":"https:\/\/www.wolleitner-schnuerer.at\/inside\/wp-json\/wp\/v2\/pages\/761\/revisions\/1358"}],"wp:attachment":[{"href":"https:\/\/www.wolleitner-schnuerer.at\/inside\/wp-json\/wp\/v2\/media?parent=761"}],"curies":[{"name":"wp","href":"https:\/\/api.w.org\/{rel}","templated":true}]}}